{"id":553,"date":"2023-09-28T10:56:30","date_gmt":"2023-09-28T10:56:30","guid":{"rendered":"https:\/\/aimsmobilya.com\/?page_id=553"},"modified":"2023-10-26T18:55:38","modified_gmt":"2023-10-26T18:55:38","slug":"hakkimizda","status":"publish","type":"page","link":"https:\/\/aimsmobilya.com\/ar\/hakkimizda\/","title":{"rendered":"\u0639\u0646 \u0627\u0644\u0634\u0631\u0643\u0629"},"content":{"rendered":"<div data-elementor-type=\"wp-page\" data-elementor-id=\"553\" class=\"elementor elementor-553\" data-elementor-post-type=\"page\">\n\t\t\t\t\t\t\t<div class=\"elementor-element elementor-element-cb49e24 e-flex e-con-boxed e-con e-parent\" data-id=\"cb49e24\" data-element_type=\"container\" data-settings=\"{&quot;content_width&quot;:&quot;boxed&quot;}\" data-core-v316-plus=\"true\">\n\t\t\t\t\t<div class=\"e-con-inner\">\n\t\t\t\t<div class=\"elementor-element elementor-element-4d9e112 elementor-widget elementor-widget-theme-site-title elementor-widget-heading\" data-id=\"4d9e112\" data-element_type=\"widget\" data-widget_type=\"theme-site-title.default\">\n\t\t\t\t<div class=\"elementor-widget-container\">\n\t\t\t<style>\/*! elementor - v3.16.0 - 20-09-2023 *\/\n.elementor-heading-title{padding:0;margin:0;line-height:1}.elementor-widget-heading .elementor-heading-title[class*=elementor-size-]>a{color:inherit;font-size:inherit;line-height:inherit}.elementor-widget-heading .elementor-heading-title.elementor-size-small{font-size:15px}.elementor-widget-heading .elementor-heading-title.elementor-size-medium{font-size:19px}.elementor-widget-heading .elementor-heading-title.elementor-size-large{font-size:29px}.elementor-widget-heading .elementor-heading-title.elementor-size-xl{font-size:39px}.elementor-widget-heading .elementor-heading-title.elementor-size-xxl{font-size:59px}<\/style><h2 class=\"elementor-heading-title elementor-size-default\"><a href=\"https:\/\/aimsmobilya.com\/ar\">AIMS Mobilya<\/a><\/h2>\t\t<\/div>\n\t\t\t\t<\/div>\n\t\t\t\t<div class=\"elementor-element elementor-element-a1b85cf elementor-widget elementor-widget-text-editor\" data-id=\"a1b85cf\" data-element_type=\"widget\" data-widget_type=\"text-editor.default\">\n\t\t\t\t<div class=\"elementor-widget-container\">\n\t\t\t<style>\/*! elementor - v3.16.0 - 20-09-2023 *\/\n.elementor-widget-text-editor.elementor-drop-cap-view-stacked .elementor-drop-cap{background-color:#69727d;color:#fff}.elementor-widget-text-editor.elementor-drop-cap-view-framed .elementor-drop-cap{color:#69727d;border:3px solid;background-color:transparent}.elementor-widget-text-editor:not(.elementor-drop-cap-view-default) .elementor-drop-cap{margin-top:8px}.elementor-widget-text-editor:not(.elementor-drop-cap-view-default) .elementor-drop-cap-letter{width:1em;height:1em}.elementor-widget-text-editor .elementor-drop-cap{float:left;text-align:center;line-height:1;font-size:50px}.elementor-widget-text-editor .elementor-drop-cap-letter{display:inline-block}<\/style>\t\t\t\t<p>\u062a\u0644\u062a\u0632\u0645 AIMS Mobilya \u0628\u062a\u0642\u062f\u064a\u0645 \u063a\u0631\u0641 \u0646\u0648\u0645 \u0639\u0627\u0644\u064a\u0629 \u0627\u0644\u062c\u0648\u062f\u0629 \u0648\u0627\u0644\u062c\u0645\u0627\u0644 \u0644\u0639\u0645\u0644\u0627\u0626\u0647\u0627 \u0643\u0634\u0631\u0643\u0629 \u0631\u0627\u0626\u062f\u0629 \u0641\u064a \u0627\u0644\u0635\u0646\u0627\u0639\u0629. \u062a\u0635\u0627\u0645\u064a\u0645 \u063a\u0631\u0641 \u0627\u0644\u0646\u0648\u0645 \u0644\u062f\u064a\u0646\u0627 \u062a\u062c\u0645\u0639 \u0628\u064a\u0646 \u0627\u0644\u062c\u0645\u0627\u0644 \u0627\u0644\u062d\u062f\u064a\u062b \u0648\u0627\u0644\u0648\u0638\u0627\u0626\u0641 \u0648\u0627\u0644\u0631\u0627\u062d\u0629. \u0644\u0642\u062f \u0642\u0627\u0645\u062a \u0634\u0631\u0643\u062a\u0646\u0627 \u0628\u062a\u0646\u0641\u064a\u0630 \u0627\u0644\u0639\u062f\u064a\u062f \u0645\u0646 \u0627\u0644\u0645\u0634\u0627\u0631\u064a\u0639 \u0627\u0644\u0646\u0627\u062c\u062d\u0629 \u0639\u0644\u0649 \u0645\u0631 \u0627\u0644\u0633\u0646\u0648\u0627\u062a.<\/p><p>\u062a\u0635\u0645\u064a\u0645\u0627\u062a \u063a\u0631\u0641 \u0627\u0644\u0646\u0648\u0645 \u0644\u062f\u064a\u0646\u0627 \u062a\u062a\u0645\u064a\u0632 \u0628\u062d\u0633\u0627\u0633\u064a\u062a\u0646\u0627 \u0641\u064a \u062f\u0645\u062c \u0627\u0644\u062c\u0645\u0627\u0644 \u0627\u0644\u062d\u062f\u064a\u062b \u0645\u0639 \u0627\u0644\u0648\u0638\u0627\u0626\u0641 \u0648\u0627\u0644\u0631\u0627\u062d\u0629. \u0643\u0644 \u062a\u0635\u0645\u064a\u0645 \u064a\u0623\u062e\u0630 \u0645\u0646\u0632\u0644\u0643 \u0625\u0644\u0649 \u0645\u0633\u062a\u0648\u0649 \u0623\u0639\u0644\u0649 \u0645\u0646 \u0645\u062c\u0631\u062f \u0645\u0643\u0627\u0646 \u0644\u0644\u0646\u0648\u0645. \u0625\u0646\u0647 \u064a\u0639\u0632\u0632 \u0648\u0638\u064a\u0641\u0629 \u0627\u0644\u063a\u0631\u0641\u0629 \u0648\u064a\u0636\u064a\u0641 \u062f\u0641\u0626\u064b\u0627 \u0648\u0623\u0646\u0627\u0642\u0629 \u0644\u0645\u0646\u0632\u0644\u0643 \u0645\u0646 \u062e\u0644\u0627\u0644 \u0627\u0644\u062c\u0645\u0627\u0644 \u0627\u0644\u062d\u062f\u064a\u062b \u0648\u0627\u0644\u062a\u0635\u0645\u064a\u0645.<\/p>\t\t\t\t\t\t<\/div>\n\t\t\t\t<\/div>\n\t\t\t\t<div class=\"elementor-element elementor-element-978fb21 elementor-widget elementor-widget-ucaddon_timeline_bullets\" data-id=\"978fb21\" data-element_type=\"widget\" data-widget_type=\"ucaddon_timeline_bullets.default\">\n\t\t\t\t<div class=\"elementor-widget-container\">\n\t\t\t<!-- start Timeline Bullets -->\n\t\t<link id='font-awesome-css' href='https:\/\/aimsmobilya.com\/wp-content\/plugins\/unlimited-elements-for-elementor-premium\/assets_libraries\/font-awesome5\/css\/fontawesome-all.min.css' type='text\/css' rel='stylesheet' >\n\t\t<link id='font-awesome-4-shim-css' href='https:\/\/aimsmobilya.com\/wp-content\/plugins\/unlimited-elements-for-elementor-premium\/assets_libraries\/font-awesome5\/css\/fontawesome-v4-shims.css' type='text\/css' rel='stylesheet' >\n\n\t\t\t<style type=\"text\/css\">\/* widget: Timeline Bullets *\/\n\n\t\t\t\r\n@keyframes uc_timeline_bullets_elementor_978fb21__item-animation {\r\n  0% {\r\n            transform: translateY(250px);        \t\r\n        \t        \tfilter: blur(40px);\r\n\t\t\t\t\t\t        \t\r\n    \t    opacity: 0;\r\n  }\r\n  100% {\r\n            transform: translateY(0px);            \r\n        \t            filter: blur(0px);\r\n                        \r\n    \t\topacity: 1;\r\n  }\r\n}\r\n\t\t\t\r\n\t\t\t\r\n#uc_timeline_bullets_elementor_978fb21 .ue_item{\r\n\topacity:0;\r\n}\r\n\r\n\r\n#uc_timeline_bullets_elementor_978fb21 .uc-entrance-animate {\r\n  opacity:1;\r\n}\r\n\r\n#uc_timeline_bullets_elementor_978fb21 .uc-entrance-animate {\r\n\tanimation: uc_timeline_bullets_elementor_978fb21__item-animation 0.7s cubic-bezier(0.470, 0.000, 0.745, 0.715) both;\r\n}\r\n\r\n\t\t\t\n\n#uc_timeline_bullets_elementor_978fb21 .ue_item\n{\n  display:flex;\n  position:relative;\n}\n\n#uc_timeline_bullets_elementor_978fb21 .ue_item_icon\n{\n \n  display:flex;\n  align-items:center;\n  justify-content:center;\n  flex-grow:0;\n  flex-shrink:0;\n  line-height:1em;\n  overflow:hidden;\n}\n\n#uc_timeline_bullets_elementor_978fb21 .ue_item_icon img\n{\n  object-fit: cover;\n}\n\n#uc_timeline_bullets_elementor_978fb21 .ue_item_icon svg\n{\n \n  height:1em;\n  width:1em;\n}\n\n#uc_timeline_bullets_elementor_978fb21 .ue_item_spacer\n{\n  flex-grow:0;\n  flex-shrink:0;\n}\n\n#uc_timeline_bullets_elementor_978fb21 .ue_item_hr_line\n{\n  \n  flex-grow:0;\n  flex-shrink:0;\n}\n\n#uc_timeline_bullets_elementor_978fb21 .ue_item_vr_line\n{\n  height:100%;\n  position:absolute;\n  flex-grow:0;\n  flex-shrink:0;\n}\n\n.ue_item_title\n{\n  font-size:21px;\n}\n\n\n#uc_timeline_bullets_elementor_978fb21.uc-remote-parent .ue_item\n{\n  cursor:pointer;\n}\n\n<\/style>\n\n\t\t\t<div id=\"uc_timeline_bullets_elementor_978fb21\" class=\"uc-items-wrapper\"  >\n <div class=\"ue_item elementor-repeater-item-3529d3b\">\n    <div class=\"ue_item_vr_line\"><\/div>\n    <div class=\"ue_item_hr_line\"><\/div>\n    <div class=\"ue_item_icon\">\n                  <img decoding=\"async\" src=\"https:\/\/aimsmobilya.com\/wp-content\/uploads\/2023\/09\/WhatsApp-Image-2023-09-27-at-3.50.18-PM-1-768x492.jpeg\">     <\/div>\n    <div class=\"ue_item_spacer\"><\/div>\n    <div class=\"ue_item_content\">\n      <div class=\"ue_item_title\">\u062a\u0635\u0645\u064a\u0645 \u0639\u0635\u0631\u064a<\/div>      <div class=\"ue_item_text\">\u062a\u0635\u0645\u064a\u0645\u0627\u062a \u063a\u0631\u0641 \u0627\u0644\u0646\u0648\u0645 \u0627\u0644\u062d\u062f\u064a\u062b\u0629 \u0648\u0627\u0644\u062c\u0645\u064a\u0644\u0629 \u0647\u064a \u0627\u0646\u0639\u0643\u0627\u0633 \u0644\u0644\u0646\u0647\u062c \u0627\u0644\u0623\u0635\u0644\u064a \u0648\u0627\u0644\u0625\u0628\u062f\u0627\u0639\u064a \u0644\u0634\u0631\u0643\u0629 AIMS Mobilya. \u0641\u064a \u0643\u0644 \u062a\u0635\u0645\u064a\u0645 \u0644\u062f\u064a\u0646\u0627\u060c \u0646\u0624\u0643\u062f \u0639\u0632\u0645\u0646\u0627 \u0639\u0644\u0649 \u062f\u0645\u062c \u0627\u0644\u0648\u0638\u0627\u0626\u0641 \u0648\u0627\u0644\u0631\u0627\u062d\u0629 \u0628\u0623\u0642\u0635\u0649 \u062f\u0631\u062c\u0629 \u0645\u0645\u0643\u0646\u0629 \u0645\u0639 \u0627\u0644\u062c\u0645\u0627\u0644 \u0627\u0644\u062d\u062f\u064a\u062b. \u0646\u062c\u0645\u0639 \u0628\u064a\u0646 \u0623\u062d\u062f\u062b \u0627\u062a\u062c\u0627\u0647\u0627\u062a \u062a\u0635\u0645\u064a\u0645 \u0627\u0644\u0623\u062b\u0627\u062b \u0648\u0623\u0641\u0643\u0627\u0631\u0646\u0627 \u0627\u0644\u0623\u0635\u0644\u064a\u0629 \u0644\u0646\u0642\u062f\u0645 \u0645\u062c\u0645\u0648\u0639\u0627\u062a \u063a\u0631\u0641 \u0627\u0644\u0646\u0648\u0645 \u0627\u0644\u062a\u064a \u062a\u0646\u0627\u0633\u0628 \u0643\u0644 \u0630\u0648\u0642 \u0648\u0646\u0645\u0637 \u062d\u064a\u0627\u0629. \u0646\u0642\u062f\u0645 \u0644\u0639\u0645\u0644\u0627\u0626\u0646\u0627 \u0645\u062c\u0645\u0648\u0639\u0629 \u0644\u0627 \u062a\u0646\u062a\u0647\u064a \u0645\u0646 \u0627\u0644\u062e\u064a\u0627\u0631\u0627\u062a\u060c \u0645\u0646 \u0627\u0644\u062a\u0635\u0645\u064a\u0645\u0627\u062a \u0627\u0644\u0628\u0633\u064a\u0637\u0629 \u0627\u0644\u062a\u064a \u062a\u062a\u0648\u0627\u0641\u0642 \u0645\u0639 \u062f\u064a\u0646\u0627\u0645\u064a\u0643\u064a\u0629 \u0627\u0644\u062d\u064a\u0627\u0629 \u0627\u0644\u062d\u062f\u064a\u062b\u0629 \u0625\u0644\u0649 \u0627\u0644\u062a\u0635\u0645\u064a\u0645\u0627\u062a \u0627\u0644\u0645\u0639\u0627\u0635\u0631\u0629.<\/div>    <\/div>\n  <\/div>\n<div class=\"ue_item elementor-repeater-item-07a625f\">\n    <div class=\"ue_item_vr_line\"><\/div>\n    <div class=\"ue_item_hr_line\"><\/div>\n    <div class=\"ue_item_icon\">\n                  <img decoding=\"async\" src=\"https:\/\/aimsmobilya.com\/wp-content\/uploads\/2023\/09\/WhatsApp-Image-2023-09-27-at-3.48.38-PM-768x512.jpeg\">     <\/div>\n    <div class=\"ue_item_spacer\"><\/div>\n    <div class=\"ue_item_content\">\n      <div class=\"ue_item_title\">\u062c\u0648\u062f\u0629 \u0639\u0627\u0644\u064a\u0629<\/div>      <div class=\"ue_item_text\">\u062c\u0648\u062f\u0629 \u0627\u0644\u0625\u0646\u062a\u0627\u062c \u0627\u0644\u0639\u0627\u0644\u064a\u0629 \u0647\u064a \u0623\u062d\u062f \u0645\u0628\u0627\u062f\u0626 AIMS Mobilya \u0627\u0644\u0623\u0633\u0627\u0633\u064a\u0629\u060c \u064a\u062a\u0645 \u0641\u062d\u0635 \u0648\u0645\u0639\u0627\u0644\u062c\u0629 \u0643\u0644 \u0645\u0646\u062a\u062c \u0644\u062f\u064a\u0646\u0627 \u0628\u0639\u0646\u0627\u064a\u0629 \u0634\u062f\u064a\u062f\u0629 \u062e\u0644\u0627\u0644 \u0645\u0631\u062d\u0644\u0629 \u0627\u0644\u0625\u0646\u062a\u0627\u062c \u0644\u0636\u0645\u0627\u0646 \u062a\u0644\u0628\u064a\u0629 \u0623\u0639\u0644\u0649 \u0645\u0639\u0627\u064a\u064a\u0631 \u0627\u0644\u062c\u0648\u062f\u0629. \u064a\u062a\u0645 \u0627\u062e\u062a\u064a\u0627\u0631 \u0627\u0644\u0645\u0648\u0627\u062f \u0627\u0644\u0645\u0633\u062a\u062e\u062f\u0645\u0629 \u0628\u0639\u0646\u0627\u064a\u0629 \u0644\u062a\u0644\u0628\u064a\u0629 \u0623\u0639\u0644\u0649 \u0627\u0644\u0645\u0639\u0627\u064a\u064a\u0631 \u0645\u0646 \u062d\u064a\u062b \u0627\u0644\u0645\u062a\u0627\u0646\u0629 \u0648\u0627\u0644\u062c\u0645\u0627\u0644. \u0647\u0630\u0627 \u064a\u0648\u0641\u0631 \u0644\u0632\u0628\u0627\u0626\u0646\u0646\u0627 \u0644\u064a\u0633 \u0641\u0642\u0637 \u0642\u0637\u0639 \u0623\u062b\u0627\u062b \u0628\u0644 \u0623\u064a\u0636\u064b\u0627 \u0631\u0627\u062d\u0629 \u0648\u0645\u0648\u062b\u0648\u0642\u064a\u0629 \u062a\u062f\u0648\u0645 \u0644\u0633\u0646\u0648\u0627\u062a \u0639\u062f\u064a\u062f\u0629. \u0628\u0641\u0636\u0644 \u062d\u0633\u0627\u0633\u064a\u062a\u0646\u0627 \u0648\u0627\u0644\u062a\u0631\u0643\u064a\u0632 \u0639\u0644\u0649 \u0627\u0644\u062a\u0641\u0627\u0635\u064a\u0644 \u0641\u064a \u0639\u0645\u0644\u064a\u0627\u062a \u0627\u0644\u0625\u0646\u062a\u0627\u062c \u0644\u062f\u064a\u0646\u0627\u060c \u064a\u0642\u062f\u0645 \u0643\u0644 \u0645\u0646\u062a\u062c \u063a\u0631\u0641\u0629 \u0627\u0644\u0646\u0648\u0645 \u0644\u062f\u064a\u0646\u0627 \u0646\u062a\u0627\u0626\u062c \u0645\u0631\u0636\u064a\u0629 \u0628\u0623\u0639\u0644\u0649 \u0645\u0633\u062a\u0648\u0649 \u0645\u0646 \u062d\u064a\u062b \u0627\u0644\u062c\u0648\u062f\u0629 \u0648\u0627\u0644\u062d\u0631\u0641\u064a\u0629.<\/div>    <\/div>\n  <\/div>\n<div class=\"ue_item elementor-repeater-item-ce33ce1\">\n    <div class=\"ue_item_vr_line\"><\/div>\n    <div class=\"ue_item_hr_line\"><\/div>\n    <div class=\"ue_item_icon\">\n                  <img decoding=\"async\" src=\"https:\/\/aimsmobilya.com\/wp-content\/uploads\/2023\/09\/WhatsApp-Image-2023-09-27-at-3.47.34-PM-768x512.jpeg\">     <\/div>\n    <div class=\"ue_item_spacer\"><\/div>\n    <div class=\"ue_item_content\">\n      <div class=\"ue_item_title\">\u0627\u0644\u0645\u0648\u0627\u062f<\/div>      <div class=\"ue_item_text\">\u0627\u0644\u062e\u0627\u0645\u0627\u062a \u0639\u0627\u0644\u064a\u0629 \u0627\u0644\u062c\u0648\u062f\u0629 \u062a\u0639\u062a\u0628\u0631 \u0623\u062d\u062f \u0623\u0631\u0643\u0627\u0646 \u0639\u0645\u0644\u064a\u0629 \u0625\u0646\u062a\u0627\u062c AIMS Mobilya \u0627\u0644\u0623\u0633\u0627\u0633\u064a\u0629. \u0643\u0644 \u0645\u0646\u062a\u062c \u0645\u0646 \u0645\u0646\u062a\u062c\u0627\u062a\u0646\u0627 \u064a\u062a\u0645 \u062a\u0635\u0646\u064a\u0639\u0647 \u0628\u0627\u0633\u062a\u062e\u062f\u0627\u0645 \u0645\u0648\u0627\u062f \u0645\u062e\u062a\u0627\u0631\u0629 \u0628\u0639\u0646\u0627\u064a\u0629 \u0644\u062a\u0644\u0628\u064a\u0629 \u0623\u0639\u0644\u0649 \u0645\u0639\u0627\u064a\u064a\u0631 \u0627\u0644\u062c\u0648\u062f\u0629 \u0645\u0646 \u0627\u0644\u0628\u062f\u0627\u064a\u0629 \u0625\u0644\u0649 \u0627\u0644\u0646\u0647\u0627\u064a\u0629. \u0647\u0630\u0627 \u064a\u0645\u0643\u0646\u0646\u0627 \u0645\u0646 \u0632\u064a\u0627\u062f\u0629 \u0645\u062a\u0627\u0646\u0629 \u0648\u0642\u064a\u0645\u0629 \u062c\u0645\u0627\u0644 \u0645\u0646\u062a\u062c\u0627\u062a\u0646\u0627. \u062c\u0648\u062f\u0629 \u062a\u0643\u0645\u0646 \u0641\u064a \u0623\u0633\u0627\u0633 \u0623\u062b\u0627\u062b\u0646\u0627\u060c \u0648\u0647\u0630\u0627 \u064a\u0636\u0645\u0646 \u0623\u0646 \u0645\u0646\u062a\u062c\u0627\u062a\u0646\u0627 \u062a\u0643\u0648\u0646 \u0637\u0648\u064a\u0644\u0629 \u0627\u0644\u0623\u0645\u062f \u0648\u0645\u0648\u062b\u0648\u0642\u0629 \u0628\u0627\u0644\u0625\u0636\u0627\u0641\u0629 \u0625\u0644\u0649 \u062a\u0635\u0645\u064a\u0645\u0627\u062a\u0646\u0627. \u0646\u0647\u062c\u0646\u0627 \u0627\u0644\u0645\u0633\u062a\u0646\u062f \u0625\u0644\u0649 \u0627\u0644\u062d\u0633\u0627\u0633\u064a\u0629 \u0648\u0627\u0644\u062a\u0631\u0643\u064a\u0632 \u0639\u0644\u0649 \u0627\u0644\u062a\u0641\u0627\u0635\u064a\u0644 \u0641\u064a \u0639\u0645\u0644\u064a\u0627\u062a \u0627\u0644\u0625\u0646\u062a\u0627\u062c \u064a\u0633\u0645\u062d \u0628\u062a\u0645\u064a\u0632 \u063a\u0631\u0641 \u0627\u0644\u0646\u0648\u0645 \u0644\u062f\u064a\u0646\u0627 \u0645\u0646 \u062d\u064a\u062b \u0627\u0644\u062c\u0648\u062f\u0629 \u0648\u062c\u0648\u062f\u0629 \u0627\u0644\u0645\u0648\u0627\u062f \u0627\u0644\u0645\u0633\u062a\u062e\u062f\u0645\u0629.<\/div>    <\/div>\n  <\/div>\n<div class=\"ue_item elementor-repeater-item-23165d4\">\n    <div class=\"ue_item_vr_line\"><\/div>\n    <div class=\"ue_item_hr_line\"><\/div>\n    <div class=\"ue_item_icon\">\n                  <img decoding=\"async\" src=\"https:\/\/aimsmobilya.com\/wp-content\/uploads\/2023\/09\/WhatsApp-Image-2023-09-27-at-3.50.13-PM-768x648.jpeg\">     <\/div>\n    <div class=\"ue_item_spacer\"><\/div>\n    <div class=\"ue_item_content\">\n      <div class=\"ue_item_title\">\u062a\u0635\u062f\u064a\u0631<\/div>      <div class=\"ue_item_text\">\u0643\u0634\u0631\u0643\u0629\u060c \u0646\u0639\u0645\u0644 \u0628\u062c\u062f\u064a\u0629 \u0643\u0628\u064a\u0631\u0629 \u0641\u064a \u0645\u062c\u0627\u0644 \u0627\u0644\u062a\u062c\u0627\u0631\u0629 \u0648\u0627\u0644\u0645\u0628\u064a\u0639\u0627\u062a \u0641\u064a \u0627\u0644\u062e\u0627\u0631\u062c. AIMS Mobilya \u0645\u0644\u062a\u0632\u0645\u0629 \u0628\u0632\u064a\u0627\u062f\u0629 \u062a\u0623\u062b\u064a\u0631\u0647\u0627 \u0639\u0644\u0649 \u0627\u0644\u0633\u0627\u062d\u0629 \u0627\u0644\u062f\u0648\u0644\u064a\u0629 \u0645\u0646 \u0623\u062c\u0644 \u0627\u0644\u0645\u0634\u0627\u0631\u0643\u0629 \u0639\u0644\u0649 \u0646\u0637\u0627\u0642 \u0639\u0627\u0644\u0645\u064a \u0645\u0639 \u0627\u0644\u0645\u0632\u064a\u062f \u0645\u0646 \u0627\u0644\u0623\u0634\u062e\u0627\u0635. \u0646\u062a\u0642\u062f\u0645 \u0628\u0631\u0624\u064a\u062a\u0646\u0627 \u0644\u0628\u0646\u0627\u0621 \u062c\u0645\u0647\u0648\u0631 \u0639\u0627\u0644\u0645\u064a \u0645\u0646 \u062e\u0644\u0627\u0644 \u062a\u0642\u062f\u064a\u0645 \u0644\u0639\u0645\u0644\u0627\u0626\u0646\u0627 \u0644\u064a\u0633 \u0641\u0642\u0637 \u0645\u0646\u062a\u062c\u064b\u0627 \u0648\u0627\u062d\u062f\u064b\u0627 \u0645\u0646 \u0627\u0644\u0623\u062b\u0627\u062b\u060c \u0648\u0644\u0643\u0646 \u0623\u064a\u0636\u064b\u0627 \u0646\u0645\u0637 \u062d\u064a\u0627\u0629 \u0648\u062c\u0645\u0627\u0644 \u0639\u0644\u0649 \u0645\u0633\u062a\u0648\u0649 \u0639\u0627\u0644\u0645\u064a. <br><br>\u0627\u0644\u0648\u062c\u0648\u062f \u0627\u0644\u0642\u0648\u064a \u0627\u0644\u0630\u064a \u0627\u0643\u062a\u0633\u0628\u062a\u0647 \u0634\u0631\u0643\u062a\u0646\u0627 \u0641\u064a \u0627\u0644\u062e\u0627\u0631\u062c \u064a\u0639\u062a\u0645\u062f \u0639\u0644\u0649 \u062c\u0648\u062f\u0629 \u0645\u0646\u062a\u062c\u0627\u062a\u0646\u0627 \u0648\u0631\u0636\u0627 \u0627\u0644\u0639\u0645\u0644\u0627\u0621. \u062a\u0635\u0645\u064a\u0645\u0627\u062a \u063a\u0631\u0641 \u0627\u0644\u0646\u0648\u0645 \u0644\u062f\u064a\u0646\u0627 \u062a\u0633\u062a\u0647\u062f\u0641 \u0627\u0644\u0639\u0645\u0644\u0627\u0621 \u0627\u0644\u062f\u0648\u0644\u064a\u064a\u0646 \u0645\u0646 \u062e\u0644\u0627\u0644 \u062a\u0646\u0648\u0639\u0647\u0627 \u0627\u0644\u0630\u064a \u064a\u0639\u0643\u0633 \u0645\u062e\u062a\u0644\u0641 \u0627\u0644\u062b\u0642\u0627\u0641\u0627\u062a \u0648\u0627\u0644\u062a\u0641\u0636\u064a\u0644\u0627\u062a. \u0645\u0646 \u062e\u0644\u0627\u0644 \u062c\u0648\u062f\u062a\u0646\u0627 \u0627\u0644\u0627\u0633\u062a\u062b\u0646\u0627\u0626\u064a\u0629 \u0648\u062c\u0645\u0627\u0644\u0646\u0627 \u0627\u0644\u0641\u0631\u064a\u062f\u060c \u0646\u0642\u0648\u0645 \u0628\u0625\u0646\u0634\u0627\u0621 \u063a\u0631\u0641 \u0646\u0648\u0645 \u0645\u062b\u0627\u0644\u064a\u0629 \u0644\u0639\u0645\u0644\u0627\u0626\u0646\u0627 \u0641\u064a \u062c\u0645\u064a\u0639 \u0623\u0646\u062d\u0627\u0621 \u0627\u0644\u0639\u0627\u0644\u0645.<\/div>    <\/div>\n  <\/div>\n\n<\/div>\n\n<!-- -->\n\t\t\t<!-- end Timeline Bullets -->\t\t<\/div>\n\t\t\t\t<\/div>\n\t\t\t\t\t<\/div>\n\t\t\t\t<\/div>\n\t\t\t\t\t\t\t<\/div>","protected":false},"excerpt":{"rendered":"<p>AIMS Mobilya, yatak odalar\u0131 \u00fcretiminde \u00f6nc\u00fc bir firma olarak m\u00fc\u015fterilerine y\u00fcksek kalite ve estetik sunmay\u0131 taahh\u00fct eder. Yatak odas\u0131 tasar\u0131mlar\u0131m\u0131z, modern estetikle bulu\u015furken fonksiyonelli\u011fi ve rahatl\u0131\u011f\u0131 bir araya getirir. Firmam\u0131z y\u0131llar i\u00e7inde bir\u00e7ok ba\u015far\u0131l\u0131 projeye imza atm\u0131\u015ft\u0131r Yatak odas\u0131 tasar\u0131mlar\u0131m\u0131z, \u00e7a\u011fda\u015f estetikle bulu\u015furken i\u015flevselli\u011fi ve rahatl\u0131\u011f\u0131 bir araya getirme konusundaki hassasiyetimizle \u00f6ne \u00e7\u0131kar. Her bir [&hellip;]<\/p>","protected":false},"author":1,"featured_media":0,"parent":0,"menu_order":0,"comment_status":"closed","ping_status":"closed","template":"","meta":{"footnotes":""},"class_list":["post-553","page","type-page","status-publish","hentry"],"_links":{"self":[{"href":"https:\/\/aimsmobilya.com\/ar\/wp-json\/wp\/v2\/pages\/553","targetHints":{"allow":["GET"]}}],"collection":[{"href":"https:\/\/aimsmobilya.com\/ar\/wp-json\/wp\/v2\/pages"}],"about":[{"href":"https:\/\/aimsmobilya.com\/ar\/wp-json\/wp\/v2\/types\/page"}],"author":[{"embeddable":true,"href":"https:\/\/aimsmobilya.com\/ar\/wp-json\/wp\/v2\/users\/1"}],"replies":[{"embeddable":true,"href":"https:\/\/aimsmobilya.com\/ar\/wp-json\/wp\/v2\/comments?post=553"}],"version-history":[{"count":6,"href":"https:\/\/aimsmobilya.com\/ar\/wp-json\/wp\/v2\/pages\/553\/revisions"}],"predecessor-version":[{"id":799,"href":"https:\/\/aimsmobilya.com\/ar\/wp-json\/wp\/v2\/pages\/553\/revisions\/799"}],"wp:attachment":[{"href":"https:\/\/aimsmobilya.com\/ar\/wp-json\/wp\/v2\/media?parent=553"}],"curies":[{"name":"wp","href":"https:\/\/api.w.org\/{rel}","templated":true}]}}